{"id":10,"date":"2014-04-03T23:18:54","date_gmt":"2014-04-03T21:18:54","guid":{"rendered":"http:\/\/127.0.0.1\/Wordpress\/?page_id=10"},"modified":"2023-01-21T22:43:00","modified_gmt":"2023-01-21T20:43:00","slug":"reitstall","status":"publish","type":"page","link":"http:\/\/www.stgeorg-burgdorf.de\/?page_id=10","title":{"rendered":"Unsere Anlage"},"content":{"rendered":"<p>Die Reitanlage befindet sich zwischen Aue und Sch\u00fctzenplatz inmitten des Burgdorfer Herzens.<\/p>\n<p>Mit einem Longierzirkel, einer Halle (20&#215;40), einem Dressurviereck (20&#215;60), sowie einem Gras- und Sandspringplatz sind wir bestens ausger\u00fcstet. Nach Absprache k\u00f6nnen die Reitpl\u00e4tze gegen eine Geb\u00fchr von 15\u20ac auch f\u00fcr Fremdreiter mit Trainer genutzt werden.<\/p>\n<p style=\"text-align: center;\"><a href=\"http:\/\/www.stgeorg-burgdorf.de\/?page_id=127\">Zur Anfrage<\/a><\/p>\n<p>Unser Stall verf\u00fcgt \u00fcber 12 Au\u00dfen- und 6 gro\u00dfe Innenboxen sowie ein Solarium. Mit den 6 Sandpaddocks ist auch f\u00fcr den Auslauf der Pferde gesorgt.<\/p>\n<p>F\u00fcr gem\u00fctliche Ausritte steht das nahe gelegene Burgdorfer Holz zur Verf\u00fcgung.<\/p>\n<p><\/p>\n\n\n<div class=\"wp-block-jetpack-slideshow aligncenter\" data-effect=\"slide\"><div class=\"wp-block-jetpack-slideshow_container swiper-container\"><ul class=\"wp-block-jetpack-slideshow_swiper-wrappper swiper-wrapper\"><li class=\"wp-block-jetpack-slideshow_slide swiper-slide\"><figure><img loading=\"lazy\" decoding=\"async\" width=\"1024\" height=\"768\" alt=\"\" class=\"wp-block-jetpack-slideshow_image wp-image-527\" data-id=\"527\" src=\"http:\/\/www.stgeorg-burgdorf.de\/wp-content\/uploads\/2014\/04\/UNADJUSTEDNONRAW_thumb_379e.jpg\" srcset=\"http:\/\/www.stgeorg-burgdorf.de\/wp-content\/uploads\/2014\/04\/UNADJUSTEDNONRAW_thumb_379e.jpg 1024w, http:\/\/www.stgeorg-burgdorf.de\/wp-content\/uploads\/2014\/04\/UNADJUSTEDNONRAW_thumb_379e-300x225.jpg 300w, http:\/\/www.stgeorg-burgdorf.de\/wp-content\/uploads\/2014\/04\/UNADJUSTEDNONRAW_thumb_379e-768x576.jpg 768w, http:\/\/www.stgeorg-burgdorf.de\/wp-content\/uploads\/2014\/04\/UNADJUSTEDNONRAW_thumb_379e-160x120.jpg 160w\" sizes=\"(max-width: 1024px) 100vw, 1024px\" \/><figcaption class=\"wp-block-jetpack-slideshow_caption gallery-caption\">Turnierplatz<\/figcaption><\/figure><\/li><li class=\"wp-block-jetpack-slideshow_slide swiper-slide\"><figure><img loading=\"lazy\" decoding=\"async\" width=\"1024\" height=\"768\" alt=\"\" class=\"wp-block-jetpack-slideshow_image wp-image-528\" data-id=\"528\" src=\"http:\/\/www.stgeorg-burgdorf.de\/wp-content\/uploads\/2014\/04\/UNADJUSTEDNONRAW_thumb_379c.jpg\" srcset=\"http:\/\/www.stgeorg-burgdorf.de\/wp-content\/uploads\/2014\/04\/UNADJUSTEDNONRAW_thumb_379c.jpg 1024w, http:\/\/www.stgeorg-burgdorf.de\/wp-content\/uploads\/2014\/04\/UNADJUSTEDNONRAW_thumb_379c-300x225.jpg 300w, http:\/\/www.stgeorg-burgdorf.de\/wp-content\/uploads\/2014\/04\/UNADJUSTEDNONRAW_thumb_379c-768x576.jpg 768w, http:\/\/www.stgeorg-burgdorf.de\/wp-content\/uploads\/2014\/04\/UNADJUSTEDNONRAW_thumb_379c-160x120.jpg 160w\" sizes=\"(max-width: 1024px) 100vw, 1024px\" \/><figcaption class=\"wp-block-jetpack-slideshow_caption gallery-caption\">Dressurviereck<\/figcaption><\/figure><\/li><li class=\"wp-block-jetpack-slideshow_slide swiper-slide\"><figure><img loading=\"lazy\" decoding=\"async\" width=\"1024\" height=\"768\" alt=\"\" class=\"wp-block-jetpack-slideshow_image wp-image-529\" data-id=\"529\" src=\"http:\/\/www.stgeorg-burgdorf.de\/wp-content\/uploads\/2014\/04\/UNADJUSTEDNONRAW_thumb_379a.jpg\" srcset=\"http:\/\/www.stgeorg-burgdorf.de\/wp-content\/uploads\/2014\/04\/UNADJUSTEDNONRAW_thumb_379a.jpg 1024w, http:\/\/www.stgeorg-burgdorf.de\/wp-content\/uploads\/2014\/04\/UNADJUSTEDNONRAW_thumb_379a-300x225.jpg 300w, http:\/\/www.stgeorg-burgdorf.de\/wp-content\/uploads\/2014\/04\/UNADJUSTEDNONRAW_thumb_379a-768x576.jpg 768w, http:\/\/www.stgeorg-burgdorf.de\/wp-content\/uploads\/2014\/04\/UNADJUSTEDNONRAW_thumb_379a-160x120.jpg 160w\" sizes=\"(max-width: 1024px) 100vw, 1024px\" \/><figcaption class=\"wp-block-jetpack-slideshow_caption gallery-caption\">Springplatz<\/figcaption><\/figure><\/li><li class=\"wp-block-jetpack-slideshow_slide swiper-slide\"><figure><img loading=\"lazy\" decoding=\"async\" width=\"1024\" height=\"768\" alt=\"\" class=\"wp-block-jetpack-slideshow_image wp-image-526\" data-id=\"526\" src=\"http:\/\/www.stgeorg-burgdorf.de\/wp-content\/uploads\/2014\/04\/UNADJUSTEDNONRAW_thumb_3798.jpg\" srcset=\"http:\/\/www.stgeorg-burgdorf.de\/wp-content\/uploads\/2014\/04\/UNADJUSTEDNONRAW_thumb_3798.jpg 1024w, http:\/\/www.stgeorg-burgdorf.de\/wp-content\/uploads\/2014\/04\/UNADJUSTEDNONRAW_thumb_3798-300x225.jpg 300w, http:\/\/www.stgeorg-burgdorf.de\/wp-content\/uploads\/2014\/04\/UNADJUSTEDNONRAW_thumb_3798-768x576.jpg 768w, http:\/\/www.stgeorg-burgdorf.de\/wp-content\/uploads\/2014\/04\/UNADJUSTEDNONRAW_thumb_3798-160x120.jpg 160w\" sizes=\"(max-width: 1024px) 100vw, 1024px\" \/><figcaption class=\"wp-block-jetpack-slideshow_caption gallery-caption\">Springplatz<\/figcaption><\/figure><\/li><\/ul><a class=\"wp-block-jetpack-slideshow_button-prev swiper-button-prev swiper-button-white\" role=\"button\"><\/a><a class=\"wp-block-jetpack-slideshow_button-next swiper-button-next swiper-button-white\" role=\"button\"><\/a><a aria-label=\"Pause Slideshow\" class=\"wp-block-jetpack-slideshow_button-pause\" role=\"button\"><\/a><div class=\"wp-block-jetpack-slideshow_pagination swiper-pagination swiper-pagination-white\"><\/div><\/div><\/div>\n\n\n\n<p><\/p>\n","protected":false},"excerpt":{"rendered":"<p>Die Reitanlage befindet sich zwischen Aue und Sch\u00fctzenplatz inmitten des Burgdorfer Herzens. Mit einem Longierzirkel, einer Halle (20&#215;40), einem Dressurviereck (20&#215;60), sowie einem Gras- und Sandspringplatz sind wir bestens ausger\u00fcstet. Nach Absprache k\u00f6nnen die Reitpl\u00e4tze gegen eine Geb\u00fchr von 15\u20ac auch f\u00fcr Fremdreiter mit Trainer genutzt werden. Zur Anfrage Unser Stall verf\u00fcgt \u00fcber 12 Au\u00dfen- &hellip; <a href=\"http:\/\/www.stgeorg-burgdorf.de\/?page_id=10\" class=\"more-link\"><span class=\"screen-reader-text\">Unsere Anlage<\/span> weiterlesen <span class=\"meta-nav\">&rarr;<\/span><\/a><\/p>\n","protected":false},"author":1,"featured_media":0,"parent":0,"menu_order":0,"comment_status":"closed","ping_status":"closed","template":"","meta":{"footnotes":""},"_links":{"self":[{"href":"http:\/\/www.stgeorg-burgdorf.de\/index.php?rest_route=\/wp\/v2\/pages\/10"}],"collection":[{"href":"http:\/\/www.stgeorg-burgdorf.de\/index.php?rest_route=\/wp\/v2\/pages"}],"about":[{"href":"http:\/\/www.stgeorg-burgdorf.de\/index.php?rest_route=\/wp\/v2\/types\/page"}],"author":[{"embeddable":true,"href":"http:\/\/www.stgeorg-burgdorf.de\/index.php?rest_route=\/wp\/v2\/users\/1"}],"replies":[{"embeddable":true,"href":"http:\/\/www.stgeorg-burgdorf.de\/index.php?rest_route=%2Fwp%2Fv2%2Fcomments&post=10"}],"version-history":[{"count":9,"href":"http:\/\/www.stgeorg-burgdorf.de\/index.php?rest_route=\/wp\/v2\/pages\/10\/revisions"}],"predecessor-version":[{"id":789,"href":"http:\/\/www.stgeorg-burgdorf.de\/index.php?rest_route=\/wp\/v2\/pages\/10\/revisions\/789"}],"wp:attachment":[{"href":"http:\/\/www.stgeorg-burgdorf.de\/index.php?rest_route=%2Fwp%2Fv2%2Fmedia&parent=10"}],"curies":[{"name":"wp","href":"https:\/\/api.w.org\/{rel}","templated":true}]}}