{"id":704,"date":"2021-07-07T07:22:26","date_gmt":"2021-07-07T05:22:26","guid":{"rendered":"http:\/\/www.stgeorg-burgdorf.de\/?page_id=704"},"modified":"2022-07-18T20:06:54","modified_gmt":"2022-07-18T18:06:54","slug":"dressur-turnier-2021","status":"publish","type":"page","link":"http:\/\/www.stgeorg-burgdorf.de\/?page_id=704","title":{"rendered":"DRESSUR TURNIER 2021"},"content":{"rendered":"\n<p>Wir freuen uns euch auf unserem Dressurturnier vom 03. bis 05. September 2021 begr\u00fc\u00dfen zu d\u00fcrfen!<\/p>\n\n\n\n<p>Alle weiteren Infos zu Ausschreibung und m\u00f6glichen Zuschauer Kapazit\u00e4ten werden bald auf <a href=\"https:\/\/jungk-turnierservice.de\/\">https:\/\/jungk-turnierservice.de\/<\/a> zu finden sein.<\/p>\n\n\n\n<figure class=\"wp-block-image size-large\"><a href=\"https:\/\/www.loesdau.de\/\"><img loading=\"lazy\" decoding=\"async\" width=\"160\" height=\"160\" src=\"http:\/\/www.stgeorg-burgdorf.de\/wp-content\/uploads\/2019\/03\/loesdau-logo-160x160.jpg\" alt=\"\" class=\"wp-image-575\" srcset=\"http:\/\/www.stgeorg-burgdorf.de\/wp-content\/uploads\/2019\/03\/loesdau-logo-160x160.jpg 160w, http:\/\/www.stgeorg-burgdorf.de\/wp-content\/uploads\/2019\/03\/loesdau-logo-160x160-150x150.jpg 150w\" sizes=\"(max-width: 160px) 100vw, 160px\" \/><\/a><\/figure>\n","protected":false},"excerpt":{"rendered":"<p>Wir freuen uns euch auf unserem Dressurturnier vom 03. bis 05. September 2021 begr\u00fc\u00dfen zu d\u00fcrfen! Alle weiteren Infos zu Ausschreibung und m\u00f6glichen Zuschauer Kapazit\u00e4ten werden bald auf https:\/\/jungk-turnierservice.de\/ zu finden sein.<\/p>\n","protected":false},"author":3,"featured_media":683,"parent":0,"menu_order":0,"comment_status":"closed","ping_status":"closed","template":"","meta":{"footnotes":""},"_links":{"self":[{"href":"http:\/\/www.stgeorg-burgdorf.de\/index.php?rest_route=\/wp\/v2\/pages\/704"}],"collection":[{"href":"http:\/\/www.stgeorg-burgdorf.de\/index.php?rest_route=\/wp\/v2\/pages"}],"about":[{"href":"http:\/\/www.stgeorg-burgdorf.de\/index.php?rest_route=\/wp\/v2\/types\/page"}],"author":[{"embeddable":true,"href":"http:\/\/www.stgeorg-burgdorf.de\/index.php?rest_route=\/wp\/v2\/users\/3"}],"replies":[{"embeddable":true,"href":"http:\/\/www.stgeorg-burgdorf.de\/index.php?rest_route=%2Fwp%2Fv2%2Fcomments&post=704"}],"version-history":[{"count":5,"href":"http:\/\/www.stgeorg-burgdorf.de\/index.php?rest_route=\/wp\/v2\/pages\/704\/revisions"}],"predecessor-version":[{"id":743,"href":"http:\/\/www.stgeorg-burgdorf.de\/index.php?rest_route=\/wp\/v2\/pages\/704\/revisions\/743"}],"wp:featuredmedia":[{"embeddable":true,"href":"http:\/\/www.stgeorg-burgdorf.de\/index.php?rest_route=\/wp\/v2\/media\/683"}],"wp:attachment":[{"href":"http:\/\/www.stgeorg-burgdorf.de\/index.php?rest_route=%2Fwp%2Fv2%2Fmedia&parent=704"}],"curies":[{"name":"wp","href":"https:\/\/api.w.org\/{rel}","templated":true}]}}