{"id":749,"date":"2023-01-21T21:46:49","date_gmt":"2023-01-21T19:46:49","guid":{"rendered":"http:\/\/www.stgeorg-burgdorf.de\/?page_id=749"},"modified":"2023-05-08T20:47:09","modified_gmt":"2023-05-08T18:47:09","slug":"reitturnier-2023","status":"publish","type":"page","link":"http:\/\/www.stgeorg-burgdorf.de\/?page_id=749","title":{"rendered":"Reitturnier 2023"},"content":{"rendered":"\n<p>Vom 18.05. bis 21.05.2023 bereiten wir euch die B\u00fchne f\u00fcr vier spannende Turniertage \u00fcber das lange Himmelfahrt-Wochenende!<\/p>\n\n\n\n<p>Mit einem WBO Tag am Donnerstag, Dressur am Freitag und Springpr\u00fcfungen am Samstag und Sonntag ist garantiert f\u00fcr jeden etwas dabei! <\/p>\n\n\n\n<p>Alle weiteren Infos ganz bald wie immer unter: <a href=\"https:\/\/jungk-turnierservice.de\/\">https:\/\/jungk-turnierservice.de\/<\/a><\/p>\n\n\n\n<p>Wir freuen uns auf euch!<\/p>\n\n\n\n<div class=\"wp-block-group is-layout-flow wp-block-group-is-layout-flow\"><div class=\"wp-block-group__inner-container\">\n<div class=\"wp-block-columns is-layout-flex wp-container-core-columns-layout-3 wp-block-columns-is-layout-flex\">\n<div class=\"wp-block-column is-vertically-aligned-center is-layout-flow wp-block-column-is-layout-flow\" style=\"flex-basis:100%\">\n<div class=\"wp-block-columns is-layout-flex wp-container-core-columns-layout-1 wp-block-columns-is-layout-flex\">\n<div class=\"wp-block-column is-layout-flow wp-block-column-is-layout-flow\">\n<figure class=\"wp-block-image size-large\"><a href=\"http:\/\/www.stgeorg-burgdorf.de\/wp-content\/uploads\/2023\/05\/CARUBINA_Logo.jpeg\"><img loading=\"lazy\" decoding=\"async\" width=\"1024\" height=\"372\" src=\"http:\/\/www.stgeorg-burgdorf.de\/wp-content\/uploads\/2023\/05\/CARUBINA_Logo-1024x372.jpeg\" alt=\"\" class=\"wp-image-800\" srcset=\"http:\/\/www.stgeorg-burgdorf.de\/wp-content\/uploads\/2023\/05\/CARUBINA_Logo-1024x372.jpeg 1024w, http:\/\/www.stgeorg-burgdorf.de\/wp-content\/uploads\/2023\/05\/CARUBINA_Logo-300x109.jpeg 300w, http:\/\/www.stgeorg-burgdorf.de\/wp-content\/uploads\/2023\/05\/CARUBINA_Logo-768x279.jpeg 768w, http:\/\/www.stgeorg-burgdorf.de\/wp-content\/uploads\/2023\/05\/CARUBINA_Logo.jpeg 1280w\" sizes=\"(max-width: 1024px) 100vw, 1024px\" \/><\/a><\/figure>\n<\/div>\n\n\n\n<div class=\"wp-block-column is-layout-flow wp-block-column-is-layout-flow\">\n<figure class=\"wp-block-image size-full\"><a href=\"http:\/\/www.stgeorg-burgdorf.de\/wp-content\/uploads\/2019\/03\/loesdau-logo-160x160.jpg\"><img loading=\"lazy\" decoding=\"async\" width=\"160\" height=\"160\" src=\"http:\/\/www.stgeorg-burgdorf.de\/wp-content\/uploads\/2019\/03\/loesdau-logo-160x160.jpg\" alt=\"\" class=\"wp-image-575\" srcset=\"http:\/\/www.stgeorg-burgdorf.de\/wp-content\/uploads\/2019\/03\/loesdau-logo-160x160.jpg 160w, http:\/\/www.stgeorg-burgdorf.de\/wp-content\/uploads\/2019\/03\/loesdau-logo-160x160-150x150.jpg 150w\" sizes=\"(max-width: 160px) 100vw, 160px\" \/><\/a><\/figure>\n<\/div>\n<\/div>\n\n\n\n<div class=\"wp-block-columns is-layout-flex wp-container-core-columns-layout-2 wp-block-columns-is-layout-flex\">\n<div class=\"wp-block-column is-layout-flow wp-block-column-is-layout-flow\">\n<figure class=\"wp-block-image size-full\"><a href=\"http:\/\/www.stgeorg-burgdorf.de\/wp-content\/uploads\/2023\/05\/ehorses_logo_6x3cm.jpg\"><img loading=\"lazy\" decoding=\"async\" width=\"709\" height=\"354\" src=\"http:\/\/www.stgeorg-burgdorf.de\/wp-content\/uploads\/2023\/05\/ehorses_logo_6x3cm.jpg\" alt=\"\" class=\"wp-image-801\" srcset=\"http:\/\/www.stgeorg-burgdorf.de\/wp-content\/uploads\/2023\/05\/ehorses_logo_6x3cm.jpg 709w, http:\/\/www.stgeorg-burgdorf.de\/wp-content\/uploads\/2023\/05\/ehorses_logo_6x3cm-300x150.jpg 300w\" sizes=\"(max-width: 709px) 100vw, 709px\" \/><\/a><\/figure>\n<\/div>\n\n\n\n<div class=\"wp-block-column is-layout-flow wp-block-column-is-layout-flow\">\n<figure class=\"wp-block-image size-full\"><a href=\"http:\/\/www.stgeorg-burgdorf.de\/wp-content\/uploads\/2023\/05\/horze-de-logo.png\"><img loading=\"lazy\" decoding=\"async\" width=\"560\" height=\"420\" src=\"http:\/\/www.stgeorg-burgdorf.de\/wp-content\/uploads\/2023\/05\/horze-de-logo.png\" alt=\"\" class=\"wp-image-802\" srcset=\"http:\/\/www.stgeorg-burgdorf.de\/wp-content\/uploads\/2023\/05\/horze-de-logo.png 560w, http:\/\/www.stgeorg-burgdorf.de\/wp-content\/uploads\/2023\/05\/horze-de-logo-300x225.png 300w\" sizes=\"(max-width: 560px) 100vw, 560px\" \/><\/a><\/figure>\n<\/div>\n<\/div>\n<\/div>\n<\/div>\n\n\n\n<figure class=\"wp-block-image size-large\"><a href=\"http:\/\/www.stgeorg-burgdorf.de\/wp-content\/uploads\/2020\/10\/Regendecken_H7.jpg\"><img loading=\"lazy\" decoding=\"async\" width=\"1000\" height=\"401\" src=\"http:\/\/www.stgeorg-burgdorf.de\/wp-content\/uploads\/2020\/10\/Regendecken_H7.jpg\" alt=\"\" class=\"wp-image-672\" srcset=\"http:\/\/www.stgeorg-burgdorf.de\/wp-content\/uploads\/2020\/10\/Regendecken_H7.jpg 1000w, http:\/\/www.stgeorg-burgdorf.de\/wp-content\/uploads\/2020\/10\/Regendecken_H7-300x120.jpg 300w, http:\/\/www.stgeorg-burgdorf.de\/wp-content\/uploads\/2020\/10\/Regendecken_H7-768x308.jpg 768w\" sizes=\"(max-width: 1000px) 100vw, 1000px\" \/><\/a><\/figure>\n<\/div><\/div>\n","protected":false},"excerpt":{"rendered":"<p>Vom 18.05. bis 21.05.2023 bereiten wir euch die B\u00fchne f\u00fcr vier spannende Turniertage \u00fcber das lange Himmelfahrt-Wochenende! Mit einem WBO Tag am Donnerstag, Dressur am Freitag und Springpr\u00fcfungen am Samstag und Sonntag ist garantiert f\u00fcr jeden etwas dabei! Alle weiteren Infos ganz bald wie immer unter: https:\/\/jungk-turnierservice.de\/ Wir freuen uns auf euch!<\/p>\n","protected":false},"author":3,"featured_media":752,"parent":0,"menu_order":0,"comment_status":"closed","ping_status":"closed","template":"","meta":{"footnotes":""},"_links":{"self":[{"href":"http:\/\/www.stgeorg-burgdorf.de\/index.php?rest_route=\/wp\/v2\/pages\/749"}],"collection":[{"href":"http:\/\/www.stgeorg-burgdorf.de\/index.php?rest_route=\/wp\/v2\/pages"}],"about":[{"href":"http:\/\/www.stgeorg-burgdorf.de\/index.php?rest_route=\/wp\/v2\/types\/page"}],"author":[{"embeddable":true,"href":"http:\/\/www.stgeorg-burgdorf.de\/index.php?rest_route=\/wp\/v2\/users\/3"}],"replies":[{"embeddable":true,"href":"http:\/\/www.stgeorg-burgdorf.de\/index.php?rest_route=%2Fwp%2Fv2%2Fcomments&post=749"}],"version-history":[{"count":7,"href":"http:\/\/www.stgeorg-burgdorf.de\/index.php?rest_route=\/wp\/v2\/pages\/749\/revisions"}],"predecessor-version":[{"id":803,"href":"http:\/\/www.stgeorg-burgdorf.de\/index.php?rest_route=\/wp\/v2\/pages\/749\/revisions\/803"}],"wp:featuredmedia":[{"embeddable":true,"href":"http:\/\/www.stgeorg-burgdorf.de\/index.php?rest_route=\/wp\/v2\/media\/752"}],"wp:attachment":[{"href":"http:\/\/www.stgeorg-burgdorf.de\/index.php?rest_route=%2Fwp%2Fv2%2Fmedia&parent=749"}],"curies":[{"name":"wp","href":"https:\/\/api.w.org\/{rel}","templated":true}]}}